{"id":1027,"date":"2023-06-30T11:41:17","date_gmt":"2023-06-30T09:41:17","guid":{"rendered":"http:\/\/194.95.221.222\/?page_id=1027"},"modified":"2024-05-10T12:53:51","modified_gmt":"2024-05-10T10:53:51","slug":"interaktion-excite-the-loop","status":"publish","type":"page","link":"https:\/\/nachhaltigkeit.fiw.thws.de\/index.php\/overview\/interaktion-excite-the-loop\/","title":{"rendered":"Interaktion (Excite the loop)"},"content":{"rendered":"<style>.wp-block-kadence-column.kb-section-dir-horizontal > .kt-inside-inner-col > .kt-info-box_350a1c-ea .kt-blocks-info-box-link-wrap{max-width:unset;}.kt-info-box_350a1c-ea .kt-blocks-info-box-link-wrap{border-top:5px solid var(--global-palette7, #eeeeee);border-right:5px solid var(--global-palette7, #eeeeee);border-bottom:5px solid var(--global-palette7, #eeeeee);border-left:5px solid var(--global-palette7, #eeeeee);border-top-left-radius:20px;border-top-right-radius:20px;border-bottom-right-radius:20px;border-bottom-left-radius:20px;background:#ffffff;padding-top:var(--global-kb-spacing-sm, 1.5rem);padding-right:var(--global-kb-spacing-sm, 1.5rem);padding-bottom:var(--global-kb-spacing-sm, 1.5rem);padding-left:var(--global-kb-spacing-sm, 1.5rem);margin-top:50px;}.kt-info-box_350a1c-ea.wp-block-kadence-infobox{max-width:100%;}.kt-info-box_350a1c-ea .kadence-info-box-image-inner-intrisic-container{max-width:97px;}.kt-info-box_350a1c-ea .kadence-info-box-image-inner-intrisic-container .kadence-info-box-image-intrisic{padding-bottom:100%;width:320px;height:0px;max-width:100%;}.kt-info-box_350a1c-ea .kadence-info-box-icon-container .kt-info-svg-icon, .kt-info-box_350a1c-ea .kt-info-svg-icon-flip, .kt-info-box_350a1c-ea .kt-blocks-info-box-number{font-size:50px;}.kt-info-box_350a1c-ea .kt-blocks-info-box-media{background:#ffffff;border-color:var(--global-palette7, #eeeeee);border-radius:111px;overflow:hidden;border-top-width:5px;border-right-width:5px;border-bottom-width:5px;border-left-width:5px;padding-top:8px;padding-right:8px;padding-bottom:8px;padding-left:8px;}.kt-info-box_350a1c-ea .kt-blocks-info-box-media-container{margin-top:-90px;margin-right:0px;margin-bottom:10px;margin-left:0px;}.kt-info-box_350a1c-ea .kt-blocks-info-box-media .kadence-info-box-image-intrisic img{border-radius:111px;}.kt-info-box_350a1c-ea .kt-blocks-info-box-link-wrap:hover .kt-blocks-info-box-media{border-color:var(--ast-global-color-0);}.kt-info-box_350a1c-ea .kt-infobox-textcontent h2.kt-blocks-info-box-title{padding-top:0px;padding-right:0px;padding-bottom:0px;padding-left:0px;margin-top:5px;margin-right:0px;margin-bottom:10px;margin-left:0px;}.kt-info-box_350a1c-ea .kt-blocks-info-box-learnmore{background:transparent;border-width:0px 0px 0px 0px;padding-top:4px;padding-right:8px;padding-bottom:4px;padding-left:8px;margin-top:10px;margin-right:0px;margin-bottom:10px;margin-left:0px;}@media all and (max-width: 1024px){.kt-info-box_350a1c-ea .kt-blocks-info-box-link-wrap{border-top:5px solid var(--global-palette7, #eeeeee);border-right:5px solid var(--global-palette7, #eeeeee);border-bottom:5px solid var(--global-palette7, #eeeeee);border-left:5px solid var(--global-palette7, #eeeeee);}}@media all and (max-width: 767px){.kt-info-box_350a1c-ea .kt-blocks-info-box-link-wrap{border-top:5px solid var(--global-palette7, #eeeeee);border-right:5px solid var(--global-palette7, #eeeeee);border-bottom:5px solid var(--global-palette7, #eeeeee);border-left:5px solid var(--global-palette7, #eeeeee);}}<\/style>\n<div class=\"wp-block-kadence-infobox kt-info-box_350a1c-ea\"><span class=\"kt-blocks-info-box-link-wrap info-box-link kt-blocks-info-box-media-align-top kt-info-halign-center\"><div class=\"kt-blocks-info-box-media-container\"><div class=\"kt-blocks-info-box-media kt-info-media-animate-none\"><div class=\"kadence-info-box-image-inner-intrisic-container\"><div class=\"kadence-info-box-image-intrisic kt-info-animate-none\"><div class=\"kadence-info-box-image-inner-intrisic\"><img loading=\"lazy\" decoding=\"async\" src=\"https:\/\/nachhaltigkeit.fiw.thws.de\/wp-content\/uploads\/2023\/06\/happy.png\" alt=\"\" width=\"320\" height=\"320\" class=\"kt-info-box-image wp-image-525\"\/><\/div><\/div><\/div><\/div><\/div><div class=\"kt-infobox-textcontent\"><p class=\"kt-blocks-info-box-text\">Diese Muster sind darauf ausgerichtet, eine inspirierende Interaktion mit den Nutzern zu erm\u00f6glichen. Dadurch sollen sie bef\u00e4higt werden und ein Bewusstsein f\u00fcr den \u00dcbergang zur Kreislaufwirtschaft entwickeln. Das langfristige Ziel ist es, langanhaltende Beziehungen aufzubauen und die Kundenbindung zu verbessern. Durch diese Muster werden den Nutzern zus\u00e4tzliche Mehrwerte geboten, die \u00fcber die reinen Nachhaltigkeitsaspekte hinausgehen. Dies motiviert sie weiterhin, das Angebot anzunehmen und sich aktiv daran zu beteiligen.<br\/>M\u00f6gliche Umsetzungsschritte sind Servitisation, Circu-Luxury oder Experience-Selling.<\/p><\/div><\/span><\/div>\n\n\n\n<p><\/p>\n\n\n\n<p>Weitere Informationen findest du hier:<br \/><a rel=\"noreferrer noopener\" href=\"https:\/\/ifb.unisg.ch\/wp-content\/uploads\/2020\/01\/Circular-Ecosystems_Takacs-Stechow-Frankenberger-2020.pdf\" target=\"_blank\">Circular Ecosystems (USG)<\/a><\/p>\n","protected":false},"excerpt":{"rendered":"<p>Weitere Informationen findest du hier:Circular Ecosystems (USG)<\/p>\n","protected":false},"author":7,"featured_media":0,"parent":504,"menu_order":0,"comment_status":"closed","ping_status":"closed","template":"","meta":{"site-sidebar-layout":"default","site-content-layout":"","ast-site-content-layout":"default","site-content-style":"default","site-sidebar-style":"default","ast-global-header-display":"","ast-banner-title-visibility":"","ast-main-header-display":"","ast-hfb-above-header-display":"","ast-hfb-below-header-display":"","ast-hfb-mobile-header-display":"","site-post-title":"","ast-breadcrumbs-content":"","ast-featured-img":"","footer-sml-layout":"","ast-disable-related-posts":"","theme-transparent-header-meta":"","adv-header-id-meta":"","stick-header-meta":"","header-above-stick-meta":"","header-main-stick-meta":"","header-below-stick-meta":"","astra-migrate-meta-layouts":"set","ast-page-background-enabled":"default","ast-page-background-meta":{"desktop":{"background-color":"var(--ast-global-color-4)","background-image":"","background-repeat":"repeat","background-position":"center center","background-size":"auto","background-attachment":"scroll","background-type":"","background-media":"","overlay-type":"","overlay-color":"","overlay-opacity":"","overlay-gradient":""},"tablet":{"background-color":"","background-image":"","background-repeat":"repeat","background-position":"center center","background-size":"auto","background-attachment":"scroll","background-type":"","background-media":"","overlay-type":"","overlay-color":"","overlay-opacity":"","overlay-gradient":""},"mobile":{"background-color":"","background-image":"","background-repeat":"repeat","background-position":"center center","background-size":"auto","background-attachment":"scroll","background-type":"","background-media":"","overlay-type":"","overlay-color":"","overlay-opacity":"","overlay-gradient":""}},"ast-content-background-meta":{"desktop":{"background-color":"var(--ast-global-color-5)","background-image":"","background-repeat":"repeat","background-position":"center center","background-size":"auto","background-attachment":"scroll","background-type":"","background-media":"","overlay-type":"","overlay-color":"","overlay-opacity":"","overlay-gradient":""},"tablet":{"background-color":"var(--ast-global-color-5)","background-image":"","background-repeat":"repeat","background-position":"center center","background-size":"auto","background-attachment":"scroll","background-type":"","background-media":"","overlay-type":"","overlay-color":"","overlay-opacity":"","overlay-gradient":""},"mobile":{"background-color":"var(--ast-global-color-5)","background-image":"","background-repeat":"repeat","background-position":"center center","background-size":"auto","background-attachment":"scroll","background-type":"","background-media":"","overlay-type":"","overlay-color":"","overlay-opacity":"","overlay-gradient":""}},"footnotes":""},"class_list":["post-1027","page","type-page","status-publish","hentry"],"yoast_head":"<!-- This site is optimized with the Yoast SEO plugin v27.2 - https:\/\/yoast.com\/product\/yoast-seo-wordpress\/ -->\n<title>Interaktion (Excite the loop) -<\/title>\n<meta name=\"robots\" content=\"index, follow, max-snippet:-1, max-image-preview:large, max-video-preview:-1\" \/>\n<link rel=\"canonical\" href=\"https:\/\/nachhaltigkeit.fiw.thws.de\/index.php\/overview\/interaktion-excite-the-loop\/\" \/>\n<meta property=\"og:locale\" content=\"de_DE\" \/>\n<meta property=\"og:type\" content=\"article\" \/>\n<meta property=\"og:title\" content=\"Interaktion (Excite the loop) -\" \/>\n<meta property=\"og:description\" content=\"Weitere Informationen findest du hier:Circular Ecosystems (USG)\" \/>\n<meta property=\"og:url\" content=\"https:\/\/nachhaltigkeit.fiw.thws.de\/index.php\/overview\/interaktion-excite-the-loop\/\" \/>\n<meta property=\"article:modified_time\" content=\"2024-05-10T10:53:51+00:00\" \/>\n<meta property=\"og:image\" content=\"https:\/\/nachhaltigkeit.fiw.thws.de\/wp-content\/uploads\/2023\/06\/happy.png\" \/>\n<meta name=\"twitter:card\" content=\"summary_large_image\" \/>\n<meta name=\"twitter:label1\" content=\"Gesch\u00e4tzte Lesezeit\" \/>\n\t<meta name=\"twitter:data1\" content=\"1\u00a0Minute\" \/>\n<script type=\"application\/ld+json\" class=\"yoast-schema-graph\">{\"@context\":\"https:\/\/schema.org\",\"@graph\":[{\"@type\":\"WebPage\",\"@id\":\"https:\/\/nachhaltigkeit.fiw.thws.de\/index.php\/overview\/interaktion-excite-the-loop\/\",\"url\":\"https:\/\/nachhaltigkeit.fiw.thws.de\/index.php\/overview\/interaktion-excite-the-loop\/\",\"name\":\"Interaktion (Excite the loop) -\",\"isPartOf\":{\"@id\":\"https:\/\/nachhaltigkeit.fiw.thws.de\/#website\"},\"primaryImageOfPage\":{\"@id\":\"https:\/\/nachhaltigkeit.fiw.thws.de\/index.php\/overview\/interaktion-excite-the-loop\/#primaryimage\"},\"image\":{\"@id\":\"https:\/\/nachhaltigkeit.fiw.thws.de\/index.php\/overview\/interaktion-excite-the-loop\/#primaryimage\"},\"thumbnailUrl\":\"https:\/\/nachhaltigkeit.fiw.thws.de\/wp-content\/uploads\/2023\/06\/happy.png\",\"datePublished\":\"2023-06-30T09:41:17+00:00\",\"dateModified\":\"2024-05-10T10:53:51+00:00\",\"breadcrumb\":{\"@id\":\"https:\/\/nachhaltigkeit.fiw.thws.de\/index.php\/overview\/interaktion-excite-the-loop\/#breadcrumb\"},\"inLanguage\":\"de\",\"potentialAction\":[{\"@type\":\"ReadAction\",\"target\":[\"https:\/\/nachhaltigkeit.fiw.thws.de\/index.php\/overview\/interaktion-excite-the-loop\/\"]}]},{\"@type\":\"ImageObject\",\"inLanguage\":\"de\",\"@id\":\"https:\/\/nachhaltigkeit.fiw.thws.de\/index.php\/overview\/interaktion-excite-the-loop\/#primaryimage\",\"url\":\"https:\/\/nachhaltigkeit.fiw.thws.de\/wp-content\/uploads\/2023\/06\/happy.png\",\"contentUrl\":\"https:\/\/nachhaltigkeit.fiw.thws.de\/wp-content\/uploads\/2023\/06\/happy.png\",\"width\":320,\"height\":320},{\"@type\":\"BreadcrumbList\",\"@id\":\"https:\/\/nachhaltigkeit.fiw.thws.de\/index.php\/overview\/interaktion-excite-the-loop\/#breadcrumb\",\"itemListElement\":[{\"@type\":\"ListItem\",\"position\":1,\"name\":\"Startseite\",\"item\":\"https:\/\/nachhaltigkeit.fiw.thws.de\/\"},{\"@type\":\"ListItem\",\"position\":2,\"name\":\"\u00dcberblick \u00fcber die Thematiken\",\"item\":\"https:\/\/nachhaltigkeit.fiw.thws.de\/\"},{\"@type\":\"ListItem\",\"position\":3,\"name\":\"Interaktion (Excite the loop)\"}]},{\"@type\":\"WebSite\",\"@id\":\"https:\/\/nachhaltigkeit.fiw.thws.de\/#website\",\"url\":\"https:\/\/nachhaltigkeit.fiw.thws.de\/\",\"name\":\"Nachhaltigkeit FIW\",\"description\":\"\",\"publisher\":{\"@id\":\"https:\/\/nachhaltigkeit.fiw.thws.de\/#organization\"},\"potentialAction\":[{\"@type\":\"SearchAction\",\"target\":{\"@type\":\"EntryPoint\",\"urlTemplate\":\"https:\/\/nachhaltigkeit.fiw.thws.de\/?s={search_term_string}\"},\"query-input\":{\"@type\":\"PropertyValueSpecification\",\"valueRequired\":true,\"valueName\":\"search_term_string\"}}],\"inLanguage\":\"de\"},{\"@type\":\"Organization\",\"@id\":\"https:\/\/nachhaltigkeit.fiw.thws.de\/#organization\",\"name\":\"Nachhaltigkeit FIW THWS\",\"url\":\"https:\/\/nachhaltigkeit.fiw.thws.de\/\",\"logo\":{\"@type\":\"ImageObject\",\"inLanguage\":\"de\",\"@id\":\"https:\/\/nachhaltigkeit.fiw.thws.de\/#\/schema\/logo\/image\/\",\"url\":\"https:\/\/nachhaltigkeit.fiw.thws.de\/wp-content\/uploads\/2023\/05\/Bildschirmfoto_2023-05-09_um_12.12.02-removebg-preview-1.png\",\"contentUrl\":\"https:\/\/nachhaltigkeit.fiw.thws.de\/wp-content\/uploads\/2023\/05\/Bildschirmfoto_2023-05-09_um_12.12.02-removebg-preview-1.png\",\"width\":120,\"height\":122,\"caption\":\"Nachhaltigkeit FIW THWS\"},\"image\":{\"@id\":\"https:\/\/nachhaltigkeit.fiw.thws.de\/#\/schema\/logo\/image\/\"}}]}<\/script>\n<!-- \/ Yoast SEO plugin. -->","yoast_head_json":{"title":"Interaktion (Excite the loop) -","robots":{"index":"index","follow":"follow","max-snippet":"max-snippet:-1","max-image-preview":"max-image-preview:large","max-video-preview":"max-video-preview:-1"},"canonical":"https:\/\/nachhaltigkeit.fiw.thws.de\/index.php\/overview\/interaktion-excite-the-loop\/","og_locale":"de_DE","og_type":"article","og_title":"Interaktion (Excite the loop) -","og_description":"Weitere Informationen findest du hier:Circular Ecosystems (USG)","og_url":"https:\/\/nachhaltigkeit.fiw.thws.de\/index.php\/overview\/interaktion-excite-the-loop\/","article_modified_time":"2024-05-10T10:53:51+00:00","og_image":[{"url":"https:\/\/nachhaltigkeit.fiw.thws.de\/wp-content\/uploads\/2023\/06\/happy.png","type":"","width":"","height":""}],"twitter_card":"summary_large_image","twitter_misc":{"Gesch\u00e4tzte Lesezeit":"1\u00a0Minute"},"schema":{"@context":"https:\/\/schema.org","@graph":[{"@type":"WebPage","@id":"https:\/\/nachhaltigkeit.fiw.thws.de\/index.php\/overview\/interaktion-excite-the-loop\/","url":"https:\/\/nachhaltigkeit.fiw.thws.de\/index.php\/overview\/interaktion-excite-the-loop\/","name":"Interaktion (Excite the loop) -","isPartOf":{"@id":"https:\/\/nachhaltigkeit.fiw.thws.de\/#website"},"primaryImageOfPage":{"@id":"https:\/\/nachhaltigkeit.fiw.thws.de\/index.php\/overview\/interaktion-excite-the-loop\/#primaryimage"},"image":{"@id":"https:\/\/nachhaltigkeit.fiw.thws.de\/index.php\/overview\/interaktion-excite-the-loop\/#primaryimage"},"thumbnailUrl":"https:\/\/nachhaltigkeit.fiw.thws.de\/wp-content\/uploads\/2023\/06\/happy.png","datePublished":"2023-06-30T09:41:17+00:00","dateModified":"2024-05-10T10:53:51+00:00","breadcrumb":{"@id":"https:\/\/nachhaltigkeit.fiw.thws.de\/index.php\/overview\/interaktion-excite-the-loop\/#breadcrumb"},"inLanguage":"de","potentialAction":[{"@type":"ReadAction","target":["https:\/\/nachhaltigkeit.fiw.thws.de\/index.php\/overview\/interaktion-excite-the-loop\/"]}]},{"@type":"ImageObject","inLanguage":"de","@id":"https:\/\/nachhaltigkeit.fiw.thws.de\/index.php\/overview\/interaktion-excite-the-loop\/#primaryimage","url":"https:\/\/nachhaltigkeit.fiw.thws.de\/wp-content\/uploads\/2023\/06\/happy.png","contentUrl":"https:\/\/nachhaltigkeit.fiw.thws.de\/wp-content\/uploads\/2023\/06\/happy.png","width":320,"height":320},{"@type":"BreadcrumbList","@id":"https:\/\/nachhaltigkeit.fiw.thws.de\/index.php\/overview\/interaktion-excite-the-loop\/#breadcrumb","itemListElement":[{"@type":"ListItem","position":1,"name":"Startseite","item":"https:\/\/nachhaltigkeit.fiw.thws.de\/"},{"@type":"ListItem","position":2,"name":"\u00dcberblick \u00fcber die Thematiken","item":"https:\/\/nachhaltigkeit.fiw.thws.de\/"},{"@type":"ListItem","position":3,"name":"Interaktion (Excite the loop)"}]},{"@type":"WebSite","@id":"https:\/\/nachhaltigkeit.fiw.thws.de\/#website","url":"https:\/\/nachhaltigkeit.fiw.thws.de\/","name":"Nachhaltigkeit FIW","description":"","publisher":{"@id":"https:\/\/nachhaltigkeit.fiw.thws.de\/#organization"},"potentialAction":[{"@type":"SearchAction","target":{"@type":"EntryPoint","urlTemplate":"https:\/\/nachhaltigkeit.fiw.thws.de\/?s={search_term_string}"},"query-input":{"@type":"PropertyValueSpecification","valueRequired":true,"valueName":"search_term_string"}}],"inLanguage":"de"},{"@type":"Organization","@id":"https:\/\/nachhaltigkeit.fiw.thws.de\/#organization","name":"Nachhaltigkeit FIW THWS","url":"https:\/\/nachhaltigkeit.fiw.thws.de\/","logo":{"@type":"ImageObject","inLanguage":"de","@id":"https:\/\/nachhaltigkeit.fiw.thws.de\/#\/schema\/logo\/image\/","url":"https:\/\/nachhaltigkeit.fiw.thws.de\/wp-content\/uploads\/2023\/05\/Bildschirmfoto_2023-05-09_um_12.12.02-removebg-preview-1.png","contentUrl":"https:\/\/nachhaltigkeit.fiw.thws.de\/wp-content\/uploads\/2023\/05\/Bildschirmfoto_2023-05-09_um_12.12.02-removebg-preview-1.png","width":120,"height":122,"caption":"Nachhaltigkeit FIW THWS"},"image":{"@id":"https:\/\/nachhaltigkeit.fiw.thws.de\/#\/schema\/logo\/image\/"}}]}},"_links":{"self":[{"href":"https:\/\/nachhaltigkeit.fiw.thws.de\/index.php\/wp-json\/wp\/v2\/pages\/1027","targetHints":{"allow":["GET"]}}],"collection":[{"href":"https:\/\/nachhaltigkeit.fiw.thws.de\/index.php\/wp-json\/wp\/v2\/pages"}],"about":[{"href":"https:\/\/nachhaltigkeit.fiw.thws.de\/index.php\/wp-json\/wp\/v2\/types\/page"}],"author":[{"embeddable":true,"href":"https:\/\/nachhaltigkeit.fiw.thws.de\/index.php\/wp-json\/wp\/v2\/users\/7"}],"replies":[{"embeddable":true,"href":"https:\/\/nachhaltigkeit.fiw.thws.de\/index.php\/wp-json\/wp\/v2\/comments?post=1027"}],"version-history":[{"count":1,"href":"https:\/\/nachhaltigkeit.fiw.thws.de\/index.php\/wp-json\/wp\/v2\/pages\/1027\/revisions"}],"predecessor-version":[{"id":1253,"href":"https:\/\/nachhaltigkeit.fiw.thws.de\/index.php\/wp-json\/wp\/v2\/pages\/1027\/revisions\/1253"}],"up":[{"embeddable":true,"href":"https:\/\/nachhaltigkeit.fiw.thws.de\/index.php\/wp-json\/wp\/v2\/pages\/504"}],"wp:attachment":[{"href":"https:\/\/nachhaltigkeit.fiw.thws.de\/index.php\/wp-json\/wp\/v2\/media?parent=1027"}],"curies":[{"name":"wp","href":"https:\/\/api.w.org\/{rel}","templated":true}]}}