{"id":83,"date":"2023-05-09T13:00:30","date_gmt":"2023-05-09T11:00:30","guid":{"rendered":"http:\/\/194.95.221.222\/?page_id=83"},"modified":"2025-08-12T09:45:47","modified_gmt":"2025-08-12T07:45:47","slug":"impressum","status":"publish","type":"page","link":"https:\/\/nachhaltigkeit.fiw.thws.de\/index.php\/impressum\/","title":{"rendered":"Impressum"},"content":{"rendered":"\n<p>Angaben gem\u00e4\u00df \u00a7 5 TMG<\/p>\n\n\n\n<p>Technische Hochschule W\u00fcrzburg &#8211; Schweinfurt<br>Sanderheinrichsleitenweg 20<br>97074 W\u00fcrzburg<\/p>\n\n\n\n<h5 class=\"wp-block-heading\">Vertreten durch:<\/h5>\n\n\n\n<p>Projektverantwortlicher:<br>Prof. Dr. Michael M\u00fc\u00dfig<br><br>Projektteam: <br>Studierende der THWS<\/p>\n\n\n\n<h5 class=\"wp-block-heading\">Kontakt<\/h5>\n\n\n\n<p>Telefon: +49 931 3511-0<br>E-Mail: <br>michael.muessig@thws.de<\/p>\n\n\n\n<p><\/p>\n\n\n\n<p>Angaben gem. \u00a7 5 TMG:<\/p>\n\n\n\n<p>Diese Webseite wurde von Studierenden der Technischen Hochschule W\u00fcrzburg-Schweinfurt erstellt.<\/p>\n\n\n\n<p><strong>Haftungsausschluss \u2013 Disclaimer:<\/strong><\/p>\n\n\n\n<p>Haftung f\u00fcr Inhalte<\/p>\n\n\n\n<p>Die Inhalte unserer Seiten wurden mit gr\u00f6\u00dfter Sorgfalt erstellt. F\u00fcr die Richtigkeit, Vollst\u00e4ndigkeit und Aktualit\u00e4t der Inhalte k\u00f6nnen wir jedoch keine Gew\u00e4hr \u00fcbernehmen. Als Diensteanbieter sind wir gem\u00e4\u00df \u00a7 7 Abs.1 TMG f\u00fcr eigene Inhalte auf diesen Seiten nach den allgemeinen Gesetzen verantwortlich. Nach \u00a7\u00a7 8 bis 10 TMG sind wir als Diensteanbieter jedoch nicht verpflichtet, \u00fcbermittelte oder gespeicherte fremde Informationen zu \u00fcberwachen oder nach Umst\u00e4nden zu forschen, die auf eine rechtswidrige T\u00e4tigkeit hinweisen.<\/p>\n\n\n\n<p>Eine diesbez\u00fcgliche Haftung ist jedoch erst ab dem Zeitpunkt der Kenntniserlangung einer konkreten Rechtsverletzung m\u00f6glich. Bei Bekanntwerden von den o.g. Rechtsverletzungen werden wir diese Inhalte unverz\u00fcglich entfernen.<\/p>\n\n\n\n<p>Haftungsbeschr\u00e4nkung f\u00fcr externe Links<\/p>\n\n\n\n<p>Unsere Website enth\u00e4lt Links zu externen Websites Dritter, auf deren Inhalte wir keinen Einfluss haben. Deshalb k\u00f6nnen wir f\u00fcr diese fremden Inhalte auch keine Gew\u00e4hr \u00fcbernehmen. F\u00fcr die Inhalte der verlinkten Seiten ist stets der jeweilige Anbieter oder Betreiber der Seiten verantwortlich. Die verlinkten Seiten wurden zum Zeitpunkt der Verlinkung auf m\u00f6gliche Rechtsverst\u00f6\u00dfe \u00fcberpr\u00fcft. Rechtswidrige Inhalte waren zum Zeitpunkt der Verlinkung nicht erkennbar. Eine permanente inhaltliche Kontrolle der verlinkten Seiten ist jedoch ohne konkrete Anhaltspunkte einer Rechtsverletzung nicht zumutbar. Bei Bekanntwerden von Rechtsverletzungen werden wir derartige Links umgehend entfernen.<\/p>\n\n\n\n<p>Diese Haftungsausschlusserkl\u00e4rung gilt auch innerhalb des eigenen Internetauftrittes \u201eNachhaltigkeit.fiw.thws.de\u201c gesetzten Links und Verweise von Fragestellern, Blogeintr\u00e4gern, G\u00e4sten des Diskussionsforums. F\u00fcr illegale, fehlerhafte oder unvollst\u00e4ndige Inhalte und insbesondere f\u00fcr Sch\u00e4den, die aus der Nutzung oder Nichtnutzung solcherart dargestellten Informationen entstehen, haftet allein der Diensteanbieter der Seite, auf welche verwiesen wurde, nicht derjenige, der \u00fcber Links auf die jeweilige Ver\u00f6ffentlichung lediglich verweist.<\/p>\n\n\n\n<p>Werden uns Rechtsverletzungen bekannt, werden die externen Links durch uns unverz\u00fcglich entfernt.<\/p>\n\n\n\n<p>Urheberrecht<\/p>\n\n\n\n<p>Die auf unserer Webseite ver\u00f6ffentlichen Inhalte und Werke unterliegen dem deutschen Urheberrecht (<a rel=\"noreferrer noopener\" href=\"http:\/\/www.gesetze-im-internet.de\/bundesrecht\/urhg\/gesamt.pdf\" target=\"_blank\">http:\/\/www.gesetze-im-internet.de\/bundesrecht\/urhg\/gesamt.pdf<\/a>) . Die Vervielf\u00e4ltigung, Bearbeitung, Verbreitung und jede Art der Verwertung des geistigen Eigentums in ideeller und materieller Sicht des Urhebers au\u00dferhalb der Grenzen des Urheberrechtes bed\u00fcrfen der vorherigen schriftlichen Zustimmung des jeweiligen Urhebers i.S.d. Urhebergesetzes (<a rel=\"noreferrer noopener\" href=\"http:\/\/www.gesetze-im-internet.de\/bundesrecht\/urhg\/gesamt.pdf\" target=\"_blank\">http:\/\/www.gesetze-im-internet.de\/bundesrecht\/urhg\/gesamt.pdf<\/a>&nbsp;). Downloads und Kopien dieser Seite sind nur f\u00fcr den privaten und nicht kommerziellen Gebrauch erlaubt. Sind die Inhalte auf unserer Webseite nicht von uns erstellt wurden, sind die Urheberrechte Dritter zu beachten. Die Inhalte Dritter werden als solche kenntlich gemacht. Sollten Sie trotzdem auf eine Urheberrechtsverletzung aufmerksam werden, bitten wir um einen entsprechenden Hinweis. Bei Bekanntwerden von Rechtsverletzungen werden wir derartige Inhalte unverz\u00fcglich entfernen<\/p>\n","protected":false},"excerpt":{"rendered":"<p>Angaben gem\u00e4\u00df \u00a7 5 TMG Technische Hochschule W\u00fcrzburg &#8211; SchweinfurtSanderheinrichsleitenweg 2097074 W\u00fcrzburg Vertreten durch: Projektverantwortlicher:Prof. Dr. Michael M\u00fc\u00dfig Projektteam: Studierende der THWS Kontakt Telefon: +49 931 3511-0E-Mail: michael.muessig@thws.de Angaben gem. \u00a7 5 TMG: Diese Webseite wurde von Studierenden der Technischen Hochschule W\u00fcrzburg-Schweinfurt erstellt. Haftungsausschluss \u2013 Disclaimer: Haftung f\u00fcr Inhalte Die Inhalte unserer Seiten wurden mit [&hellip;]<\/p>\n","protected":false},"author":7,"featured_media":0,"parent":0,"menu_order":0,"comment_status":"closed","ping_status":"closed","template":"","meta":{"site-sidebar-layout":"default","site-content-layout":"boxed-container","ast-site-content-layout":"normal-width-container","site-content-style":"boxed","site-sidebar-style":"boxed","ast-global-header-display":"","ast-banner-title-visibility":"","ast-main-header-display":"","ast-hfb-above-header-display":"","ast-hfb-below-header-display":"","ast-hfb-mobile-header-display":"","site-post-title":"","ast-breadcrumbs-content":"","ast-featured-img":"","footer-sml-layout":"","ast-disable-related-posts":"","theme-transparent-header-meta":"","adv-header-id-meta":"","stick-header-meta":"","header-above-stick-meta":"","header-main-stick-meta":"","header-below-stick-meta":"","astra-migrate-meta-layouts":"set","ast-page-background-enabled":"default","ast-page-background-meta":{"desktop":{"background-color":"var(--ast-global-color-4)","background-image":"","background-repeat":"repeat","background-position":"center center","background-size":"auto","background-attachment":"scroll","background-type":"","background-media":"","overlay-type":"","overlay-color":"","overlay-opacity":"","overlay-gradient":""},"tablet":{"background-color":"","background-image":"","background-repeat":"repeat","background-position":"center center","background-size":"auto","background-attachment":"scroll","background-type":"","background-media":"","overlay-type":"","overlay-color":"","overlay-opacity":"","overlay-gradient":""},"mobile":{"background-color":"","background-image":"","background-repeat":"repeat","background-position":"center center","background-size":"auto","background-attachment":"scroll","background-type":"","background-media":"","overlay-type":"","overlay-color":"","overlay-opacity":"","overlay-gradient":""}},"ast-content-background-meta":{"desktop":{"background-color":"var(--ast-global-color-5)","background-image":"","background-repeat":"repeat","background-position":"center center","background-size":"auto","background-attachment":"scroll","background-type":"","background-media":"","overlay-type":"","overlay-color":"","overlay-opacity":"","overlay-gradient":""},"tablet":{"background-color":"var(--ast-global-color-5)","background-image":"","background-repeat":"repeat","background-position":"center center","background-size":"auto","background-attachment":"scroll","background-type":"","background-media":"","overlay-type":"","overlay-color":"","overlay-opacity":"","overlay-gradient":""},"mobile":{"background-color":"var(--ast-global-color-5)","background-image":"","background-repeat":"repeat","background-position":"center center","background-size":"auto","background-attachment":"scroll","background-type":"","background-media":"","overlay-type":"","overlay-color":"","overlay-opacity":"","overlay-gradient":""}},"footnotes":""},"class_list":["post-83","page","type-page","status-publish","hentry"],"yoast_head":"<!-- This site is optimized with the Yoast SEO plugin v27.2 - https:\/\/yoast.com\/product\/yoast-seo-wordpress\/ -->\n<title>Impressum -<\/title>\n<meta name=\"robots\" content=\"index, follow, max-snippet:-1, max-image-preview:large, max-video-preview:-1\" \/>\n<link rel=\"canonical\" href=\"https:\/\/nachhaltigkeit.fiw.thws.de\/index.php\/impressum\/\" \/>\n<meta property=\"og:locale\" content=\"de_DE\" \/>\n<meta property=\"og:type\" content=\"article\" \/>\n<meta property=\"og:title\" content=\"Impressum -\" \/>\n<meta property=\"og:description\" content=\"Angaben gem\u00e4\u00df \u00a7 5 TMG Technische Hochschule W\u00fcrzburg &#8211; SchweinfurtSanderheinrichsleitenweg 2097074 W\u00fcrzburg Vertreten durch: Projektverantwortlicher:Prof. Dr. Michael M\u00fc\u00dfig Projektteam: Studierende der THWS Kontakt Telefon: +49 931 3511-0E-Mail: michael.muessig@thws.de Angaben gem. \u00a7 5 TMG: Diese Webseite wurde von Studierenden der Technischen Hochschule W\u00fcrzburg-Schweinfurt erstellt. Haftungsausschluss \u2013 Disclaimer: Haftung f\u00fcr Inhalte Die Inhalte unserer Seiten wurden mit [&hellip;]\" \/>\n<meta property=\"og:url\" content=\"https:\/\/nachhaltigkeit.fiw.thws.de\/index.php\/impressum\/\" \/>\n<meta property=\"article:modified_time\" content=\"2025-08-12T07:45:47+00:00\" \/>\n<meta name=\"twitter:card\" content=\"summary_large_image\" \/>\n<meta name=\"twitter:label1\" content=\"Gesch\u00e4tzte Lesezeit\" \/>\n\t<meta name=\"twitter:data1\" content=\"3\u00a0Minuten\" \/>\n<script type=\"application\/ld+json\" class=\"yoast-schema-graph\">{\"@context\":\"https:\/\/schema.org\",\"@graph\":[{\"@type\":\"WebPage\",\"@id\":\"https:\/\/nachhaltigkeit.fiw.thws.de\/index.php\/impressum\/\",\"url\":\"https:\/\/nachhaltigkeit.fiw.thws.de\/index.php\/impressum\/\",\"name\":\"Impressum -\",\"isPartOf\":{\"@id\":\"https:\/\/nachhaltigkeit.fiw.thws.de\/#website\"},\"datePublished\":\"2023-05-09T11:00:30+00:00\",\"dateModified\":\"2025-08-12T07:45:47+00:00\",\"breadcrumb\":{\"@id\":\"https:\/\/nachhaltigkeit.fiw.thws.de\/index.php\/impressum\/#breadcrumb\"},\"inLanguage\":\"de\",\"potentialAction\":[{\"@type\":\"ReadAction\",\"target\":[\"https:\/\/nachhaltigkeit.fiw.thws.de\/index.php\/impressum\/\"]}]},{\"@type\":\"BreadcrumbList\",\"@id\":\"https:\/\/nachhaltigkeit.fiw.thws.de\/index.php\/impressum\/#breadcrumb\",\"itemListElement\":[{\"@type\":\"ListItem\",\"position\":1,\"name\":\"Startseite\",\"item\":\"https:\/\/nachhaltigkeit.fiw.thws.de\/\"},{\"@type\":\"ListItem\",\"position\":2,\"name\":\"Impressum\"}]},{\"@type\":\"WebSite\",\"@id\":\"https:\/\/nachhaltigkeit.fiw.thws.de\/#website\",\"url\":\"https:\/\/nachhaltigkeit.fiw.thws.de\/\",\"name\":\"Nachhaltigkeit FIW\",\"description\":\"\",\"publisher\":{\"@id\":\"https:\/\/nachhaltigkeit.fiw.thws.de\/#organization\"},\"potentialAction\":[{\"@type\":\"SearchAction\",\"target\":{\"@type\":\"EntryPoint\",\"urlTemplate\":\"https:\/\/nachhaltigkeit.fiw.thws.de\/?s={search_term_string}\"},\"query-input\":{\"@type\":\"PropertyValueSpecification\",\"valueRequired\":true,\"valueName\":\"search_term_string\"}}],\"inLanguage\":\"de\"},{\"@type\":\"Organization\",\"@id\":\"https:\/\/nachhaltigkeit.fiw.thws.de\/#organization\",\"name\":\"Nachhaltigkeit FIW THWS\",\"url\":\"https:\/\/nachhaltigkeit.fiw.thws.de\/\",\"logo\":{\"@type\":\"ImageObject\",\"inLanguage\":\"de\",\"@id\":\"https:\/\/nachhaltigkeit.fiw.thws.de\/#\/schema\/logo\/image\/\",\"url\":\"https:\/\/nachhaltigkeit.fiw.thws.de\/wp-content\/uploads\/2023\/05\/Bildschirmfoto_2023-05-09_um_12.12.02-removebg-preview-1.png\",\"contentUrl\":\"https:\/\/nachhaltigkeit.fiw.thws.de\/wp-content\/uploads\/2023\/05\/Bildschirmfoto_2023-05-09_um_12.12.02-removebg-preview-1.png\",\"width\":120,\"height\":122,\"caption\":\"Nachhaltigkeit FIW THWS\"},\"image\":{\"@id\":\"https:\/\/nachhaltigkeit.fiw.thws.de\/#\/schema\/logo\/image\/\"}}]}<\/script>\n<!-- \/ Yoast SEO plugin. -->","yoast_head_json":{"title":"Impressum -","robots":{"index":"index","follow":"follow","max-snippet":"max-snippet:-1","max-image-preview":"max-image-preview:large","max-video-preview":"max-video-preview:-1"},"canonical":"https:\/\/nachhaltigkeit.fiw.thws.de\/index.php\/impressum\/","og_locale":"de_DE","og_type":"article","og_title":"Impressum -","og_description":"Angaben gem\u00e4\u00df \u00a7 5 TMG Technische Hochschule W\u00fcrzburg &#8211; SchweinfurtSanderheinrichsleitenweg 2097074 W\u00fcrzburg Vertreten durch: Projektverantwortlicher:Prof. Dr. Michael M\u00fc\u00dfig Projektteam: Studierende der THWS Kontakt Telefon: +49 931 3511-0E-Mail: michael.muessig@thws.de Angaben gem. \u00a7 5 TMG: Diese Webseite wurde von Studierenden der Technischen Hochschule W\u00fcrzburg-Schweinfurt erstellt. Haftungsausschluss \u2013 Disclaimer: Haftung f\u00fcr Inhalte Die Inhalte unserer Seiten wurden mit [&hellip;]","og_url":"https:\/\/nachhaltigkeit.fiw.thws.de\/index.php\/impressum\/","article_modified_time":"2025-08-12T07:45:47+00:00","twitter_card":"summary_large_image","twitter_misc":{"Gesch\u00e4tzte Lesezeit":"3\u00a0Minuten"},"schema":{"@context":"https:\/\/schema.org","@graph":[{"@type":"WebPage","@id":"https:\/\/nachhaltigkeit.fiw.thws.de\/index.php\/impressum\/","url":"https:\/\/nachhaltigkeit.fiw.thws.de\/index.php\/impressum\/","name":"Impressum -","isPartOf":{"@id":"https:\/\/nachhaltigkeit.fiw.thws.de\/#website"},"datePublished":"2023-05-09T11:00:30+00:00","dateModified":"2025-08-12T07:45:47+00:00","breadcrumb":{"@id":"https:\/\/nachhaltigkeit.fiw.thws.de\/index.php\/impressum\/#breadcrumb"},"inLanguage":"de","potentialAction":[{"@type":"ReadAction","target":["https:\/\/nachhaltigkeit.fiw.thws.de\/index.php\/impressum\/"]}]},{"@type":"BreadcrumbList","@id":"https:\/\/nachhaltigkeit.fiw.thws.de\/index.php\/impressum\/#breadcrumb","itemListElement":[{"@type":"ListItem","position":1,"name":"Startseite","item":"https:\/\/nachhaltigkeit.fiw.thws.de\/"},{"@type":"ListItem","position":2,"name":"Impressum"}]},{"@type":"WebSite","@id":"https:\/\/nachhaltigkeit.fiw.thws.de\/#website","url":"https:\/\/nachhaltigkeit.fiw.thws.de\/","name":"Nachhaltigkeit FIW","description":"","publisher":{"@id":"https:\/\/nachhaltigkeit.fiw.thws.de\/#organization"},"potentialAction":[{"@type":"SearchAction","target":{"@type":"EntryPoint","urlTemplate":"https:\/\/nachhaltigkeit.fiw.thws.de\/?s={search_term_string}"},"query-input":{"@type":"PropertyValueSpecification","valueRequired":true,"valueName":"search_term_string"}}],"inLanguage":"de"},{"@type":"Organization","@id":"https:\/\/nachhaltigkeit.fiw.thws.de\/#organization","name":"Nachhaltigkeit FIW THWS","url":"https:\/\/nachhaltigkeit.fiw.thws.de\/","logo":{"@type":"ImageObject","inLanguage":"de","@id":"https:\/\/nachhaltigkeit.fiw.thws.de\/#\/schema\/logo\/image\/","url":"https:\/\/nachhaltigkeit.fiw.thws.de\/wp-content\/uploads\/2023\/05\/Bildschirmfoto_2023-05-09_um_12.12.02-removebg-preview-1.png","contentUrl":"https:\/\/nachhaltigkeit.fiw.thws.de\/wp-content\/uploads\/2023\/05\/Bildschirmfoto_2023-05-09_um_12.12.02-removebg-preview-1.png","width":120,"height":122,"caption":"Nachhaltigkeit FIW THWS"},"image":{"@id":"https:\/\/nachhaltigkeit.fiw.thws.de\/#\/schema\/logo\/image\/"}}]}},"_links":{"self":[{"href":"https:\/\/nachhaltigkeit.fiw.thws.de\/index.php\/wp-json\/wp\/v2\/pages\/83","targetHints":{"allow":["GET"]}}],"collection":[{"href":"https:\/\/nachhaltigkeit.fiw.thws.de\/index.php\/wp-json\/wp\/v2\/pages"}],"about":[{"href":"https:\/\/nachhaltigkeit.fiw.thws.de\/index.php\/wp-json\/wp\/v2\/types\/page"}],"author":[{"embeddable":true,"href":"https:\/\/nachhaltigkeit.fiw.thws.de\/index.php\/wp-json\/wp\/v2\/users\/7"}],"replies":[{"embeddable":true,"href":"https:\/\/nachhaltigkeit.fiw.thws.de\/index.php\/wp-json\/wp\/v2\/comments?post=83"}],"version-history":[{"count":2,"href":"https:\/\/nachhaltigkeit.fiw.thws.de\/index.php\/wp-json\/wp\/v2\/pages\/83\/revisions"}],"predecessor-version":[{"id":1282,"href":"https:\/\/nachhaltigkeit.fiw.thws.de\/index.php\/wp-json\/wp\/v2\/pages\/83\/revisions\/1282"}],"wp:attachment":[{"href":"https:\/\/nachhaltigkeit.fiw.thws.de\/index.php\/wp-json\/wp\/v2\/media?parent=83"}],"curies":[{"name":"wp","href":"https:\/\/api.w.org\/{rel}","templated":true}]}}